{"id":5374,"date":"2023-08-11T08:37:24","date_gmt":"2023-08-11T11:37:24","guid":{"rendered":"https:\/\/servivetsinai.cl\/?post_type=product&#038;p=5374"},"modified":"2023-08-11T09:12:33","modified_gmt":"2023-08-11T12:12:33","slug":"drontal-plus-antiparasitario-comprimido-para-perros","status":"publish","type":"product","link":"https:\/\/servivetsinai.cl\/index.php\/product\/drontal-plus-antiparasitario-comprimido-para-perros\/","title":{"rendered":"DRONTAL PLUS &#8211; Antiparasitario Comprimido para Perros"},"content":{"rendered":"<p>Antiparasitario interno DRONTAL de\u00a0<b>amplio espectro<\/b>\u00a0que elimina efectivamente los principales\u00a0<b>nem\u00e1todos y c\u00e9stodos<\/b>\u00a0del\u00a0<b>perro<\/b>. Indicado en el tratamiento de la\u00a0<b>Giardia<\/b>. F\u00e1cil de dosificar y con un rico sabor.<\/p>\n<p><strong>DESCRIPCI\u00d3N<\/strong><\/p>\n<p>Drontal\u00ae act\u00faa con rapidez para eliminar par\u00e1sitos intestinales. Las tabletas de Drontal\u00ae Plus son eficaces contra gusanos redondos, tenias, ancylostomas y tricoc\u00e9falos en perros, y contienen tres ingredientes activos que act\u00faan de forma conjunta para matar par\u00e1sitos intestinales.<\/p>\n<p>El tratamiento peri\u00f3dico ayuda a combatir los par\u00e1sitos intestinales en tu perro y a mantenerlo feliz y saludable.<\/p>\n<p>Drontal para perros, es un antiparasitante de amplio espectro, ideal para proteger a tu mascota de Nematodos y la acumulaci\u00f3n de Protozoos y Cestodos. Disponible para todas las etapas de vida de tu perro, su pastilla saborizada es ideal para que no tengas problemas para administr\u00e1rsela.<\/p>\n<ul>\n<li>Cubre cada etapa de vida de tu perro: Cachorro (suspensi\u00f3n oral), Razas Peque\u00f1as y Razas Grandes (pastilla saborizada) .<\/li>\n<li>Protege a tu perro de par\u00e1sitos como:<\/li>\n<li>Nematodos:<\/li>\n<li>Toxacara canis.<\/li>\n<li>Toxascaris leonina.<\/li>\n<li>Ancylostoma caninum.<\/li>\n<li>Trichuris vulpis.<\/li>\n<li>Infestaciones por protozoos: Giardia canis (formas qu\u00edsticas).<\/li>\n<li>Cestodos: Echinococcus granulosus, Echinococcus multilocularis, Dipylidium caninum, Taenia hydat\u00edgena, Taenia pisiformis, Multiceps multiceps, Joyeuxiella pasqualei, Mesocestoides spp.<\/li>\n<li><strong>Realizar al mismo tiempo la desparasitaci\u00f3n en todos los perros de la casa.<\/strong><\/li>\n<\/ul>\n","protected":false},"excerpt":{"rendered":"<p>Antiparasitario interno DRONTAL de\u00a0amplio espectro\u00a0que elimina efectivamente los principales\u00a0nem\u00e1todos y c\u00e9stodos\u00a0del\u00a0perro. Indicado en el tratamiento de la\u00a0Giardia. F\u00e1cil de dosificar y con un rico sabor. DESCRIPCI\u00d3N Drontal\u00ae act\u00faa con rapidez para eliminar par\u00e1sitos intestinales. Las tabletas de Drontal\u00ae Plus son [&hellip;]<\/p>\n","protected":false},"featured_media":5378,"comment_status":"open","ping_status":"closed","template":"","meta":{"rs_blank_template":"","rs_page_bg_color":"","slide_template_v7":""},"product_brand":[],"product_cat":[59],"product_tag":[135],"class_list":{"0":"post-5374","1":"product","2":"type-product","3":"status-publish","4":"has-post-thumbnail","6":"product_cat-accesories","7":"product_tag-nurture","9":"first","10":"instock","11":"shipping-taxable","12":"product-type-variable"},"_links":{"self":[{"href":"https:\/\/servivetsinai.cl\/index.php\/wp-json\/wp\/v2\/product\/5374","targetHints":{"allow":["GET"]}}],"collection":[{"href":"https:\/\/servivetsinai.cl\/index.php\/wp-json\/wp\/v2\/product"}],"about":[{"href":"https:\/\/servivetsinai.cl\/index.php\/wp-json\/wp\/v2\/types\/product"}],"replies":[{"embeddable":true,"href":"https:\/\/servivetsinai.cl\/index.php\/wp-json\/wp\/v2\/comments?post=5374"}],"wp:featuredmedia":[{"embeddable":true,"href":"https:\/\/servivetsinai.cl\/index.php\/wp-json\/wp\/v2\/media\/5378"}],"wp:attachment":[{"href":"https:\/\/servivetsinai.cl\/index.php\/wp-json\/wp\/v2\/media?parent=5374"}],"wp:term":[{"taxonomy":"product_brand","embeddable":true,"href":"https:\/\/servivetsinai.cl\/index.php\/wp-json\/wp\/v2\/product_brand?post=5374"},{"taxonomy":"product_cat","embeddable":true,"href":"https:\/\/servivetsinai.cl\/index.php\/wp-json\/wp\/v2\/product_cat?post=5374"},{"taxonomy":"product_tag","embeddable":true,"href":"https:\/\/servivetsinai.cl\/index.php\/wp-json\/wp\/v2\/product_tag?post=5374"}],"curies":[{"name":"wp","href":"https:\/\/api.w.org\/{rel}","templated":true}]}}