{"id":5361,"date":"2023-08-11T08:33:09","date_gmt":"2023-08-11T11:33:09","guid":{"rendered":"https:\/\/servivetsinai.cl\/?post_type=product&#038;p=5361"},"modified":"2023-08-11T09:02:56","modified_gmt":"2023-08-11T12:02:56","slug":"bravecto-antiparasitario-para-gatos","status":"publish","type":"product","link":"https:\/\/servivetsinai.cl\/index.php\/product\/bravecto-antiparasitario-para-gatos\/","title":{"rendered":"BRAVECTO &#8211; Antiparasitario para Gatos"},"content":{"rendered":"<p>Antiparasitario Pipeta BRAVECTO para Gatos es una soluci\u00f3n t\u00f3pica de f\u00e1cil aplicaci\u00f3n para el tratamiento de infestaciones por pulgas, garrapatas y \u00e1caros (otodectes cynotis) en gatos con protecci\u00f3n de 12 semanas continuas, alto nivel de seguridad y con absorci\u00f3n transdermal. Una sola aplicaci\u00f3n de Bravecto Pipeta puede eliminar las pulgas presentes en tu hogar.<\/p>\n<p><b>Beneficios<\/b><\/p>\n<ul class=\"bullet\">\n<li>Actividad inmediata para eliminar pulgas y garrapatas.<\/li>\n<li>Elimina el 100% de las pulgas en las primeras 8 horas de su aplicaci\u00f3n.<\/li>\n<li>Efecto prolongado y protecci\u00f3n constante durante 12 semanas.<\/li>\n<li>Puede ser usado como ayuda en el control de alergias a picadura de pulgas.<\/li>\n<li>Secado r\u00e1pido, no genera residuos ni tiene olor desagradable.<\/li>\n<li>Distinguido por la Asociaci\u00f3n Internacional de Medicina Felina.<\/li>\n<li>Se puede utilizar en gatos de mas de 9 semanas de vida y 1.2 kg de peso.<\/li>\n<\/ul>\n<p><b>Modo de acci\u00f3n<\/b><\/p>\n<p>Fluralaner es un antiparasitario de acci\u00f3n sist\u00e9mica perteneciente a la clase isoxazolinas. Fluralaner es un potente inhibidor del sistema nervioso de los artr\u00f3podos. Act\u00faa antagonizando los canales de cloro estimulados por ligandos, receptores GABA ( \u00e1cido gamma aminobut\u00edrico) y receptores glutamato.<\/p>\n<p><b>Forma de administraci\u00f3n<\/b><\/p>\n<p><b>Paso 1<\/b>: Inmediatamente antes de usar, abra el sobre y saque la pipeta. \u00c9sta debe sostenerse en posici\u00f3n vertical (la punta hacia arriba) por la base o por la parte r\u00edgida superior debajo de la tapa. La tapa debe rotarse completamente en el sentido de las manecillas del reloj o en sentido contrario a \u00e9stas. La tapa se mantendr\u00e1 adherida a la pipeta; no es posible desprenderla. La pipeta estar\u00e1 abierta y lista para usarse cuando sienta que el sello se ha roto.<\/p>\n<p><b>Paso 2<\/b>: Para facilitar la aplicaci\u00f3n, el gato debe estar de pie o echado con la espalda colocada horizontalmente. Coloque la punta de la pipeta en la base del cr\u00e1neo del gato.<\/p>\n<p><b>Paso 3<\/b>: Presione suavemente la pipeta y aplique todo el contenido de la soluci\u00f3n sobre la piel del gato. El producto debe aplicarse en un s\u00f3lo punto en la base del cr\u00e1neo en gatos de hasta 6.25 kg de peso y en dos puntos diferentes en gatos de m\u00e1s de 6.25 kg de peso.<\/p>\n<p><b>Contraindicaciones<\/b><\/p>\n<p>No utilizar en caso de hipersensibilidad a la substancia activa o a cualquiera de los excipientes.<\/p>\n<p><b>Reacciones adversas<\/b><\/p>\n<p>En los estudios cl\u00ednicos se observaron casos espor\u00e1dicos (2.2% de los gatos tratados) de reacciones leves y temporales en la piel, tales como eritema y prurito en la zona de aplicaci\u00f3n.<\/p>\n<p>Tambi\u00e9n se observaron otros signos poco despu\u00e9s de la administraci\u00f3n: apat\u00eda\/temblores\/anorexia (0.9% de los gatos tratados) o v\u00f3mito\/hipersalivaci\u00f3n (0.4% de los gatos tratados).<\/p>\n<p>Si observa alg\u00fan efecto grave u otros efectos no mencionados en este prospecto, por favor informe a su m\u00e9dico veterinario.<\/p>\n<p><b>Precauciones para el almacenamiento<\/b><\/p>\n<p>Mant\u00e9ngase fuera de la vista y el alcance de los ni\u00f1os. Almacenar entre 15\u00b0C a 30\u00b0C. Mantener al resguardo de la luz. Las pipetas deben conservarse dentro del sobre para evitar la p\u00e9rdida del solvente o la absorci\u00f3n de humedad. Los sobres deben abrirse justo antes de ser utilizados.<\/p>\n","protected":false},"excerpt":{"rendered":"<p>Antiparasitario Pipeta BRAVECTO para Gatos es una soluci\u00f3n t\u00f3pica de f\u00e1cil aplicaci\u00f3n para el tratamiento de infestaciones por pulgas, garrapatas y \u00e1caros (otodectes cynotis) en gatos con protecci\u00f3n de 12 semanas continuas, alto nivel de seguridad y con absorci\u00f3n transdermal. Una sola aplicaci\u00f3n de Bravecto Pipeta puede eliminar las pulgas presentes en tu hogar.<\/p>\n","protected":false},"featured_media":5373,"comment_status":"open","ping_status":"closed","template":"","meta":{"rs_blank_template":"","rs_page_bg_color":"","slide_template_v7":""},"product_brand":[],"product_cat":[59],"product_tag":[135],"class_list":{"0":"post-5361","1":"product","2":"type-product","3":"status-publish","4":"has-post-thumbnail","6":"product_cat-accesories","7":"product_tag-nurture","9":"first","10":"instock","11":"shipping-taxable","12":"product-type-variable"},"_links":{"self":[{"href":"https:\/\/servivetsinai.cl\/index.php\/wp-json\/wp\/v2\/product\/5361","targetHints":{"allow":["GET"]}}],"collection":[{"href":"https:\/\/servivetsinai.cl\/index.php\/wp-json\/wp\/v2\/product"}],"about":[{"href":"https:\/\/servivetsinai.cl\/index.php\/wp-json\/wp\/v2\/types\/product"}],"replies":[{"embeddable":true,"href":"https:\/\/servivetsinai.cl\/index.php\/wp-json\/wp\/v2\/comments?post=5361"}],"wp:featuredmedia":[{"embeddable":true,"href":"https:\/\/servivetsinai.cl\/index.php\/wp-json\/wp\/v2\/media\/5373"}],"wp:attachment":[{"href":"https:\/\/servivetsinai.cl\/index.php\/wp-json\/wp\/v2\/media?parent=5361"}],"wp:term":[{"taxonomy":"product_brand","embeddable":true,"href":"https:\/\/servivetsinai.cl\/index.php\/wp-json\/wp\/v2\/product_brand?post=5361"},{"taxonomy":"product_cat","embeddable":true,"href":"https:\/\/servivetsinai.cl\/index.php\/wp-json\/wp\/v2\/product_cat?post=5361"},{"taxonomy":"product_tag","embeddable":true,"href":"https:\/\/servivetsinai.cl\/index.php\/wp-json\/wp\/v2\/product_tag?post=5361"}],"curies":[{"name":"wp","href":"https:\/\/api.w.org\/{rel}","templated":true}]}}