{"id":4894,"date":"2019-07-10T09:41:10","date_gmt":"2019-07-10T12:41:10","guid":{"rendered":"https:\/\/pawfriends.qodeinteractive.com\/?page_id=10"},"modified":"2024-11-18T17:31:10","modified_gmt":"2024-11-18T20:31:10","slug":"main-home-2","status":"publish","type":"page","link":"https:\/\/servivetsinai.cl\/","title":{"rendered":"Inicio"},"content":{"rendered":"<p>[vc_row][vc_column]\n\t\t\t\t<p class=\"rs-p-wp-fix\"><\/p>\n\t\t\t\t<sr7-module data-alias=\"main-home1\" data-id=\"9\" id=\"SR7_9_1\" data-version=\"6.7.50\">\n\t\t\t\t\t<sr7-adjuster><\/sr7-adjuster>\n\t\t\t\t\t<sr7-content>\n\t\t\t\t\t\t<sr7-slide id=\"SR7_9_1-19\" data-key=\"19\">\n\t\t\t\t\t\t\t<sr7-txt id=\"SR7_9_1-19-34\" class=\"sr7-layer\">Consultas a domicilio en Re\u00f1aca, Concon y Vi\u00f1a del Mar.<\/sr7-txt>\n\t\t\t\t\t\t\t<sr7-txt id=\"SR7_9_1-19-35\" class=\"sr7-layer\">Dermatolog\u00eda CANINA Y FELINA\n<\/sr7-txt>\n\t\t\t\t\t\t<\/sr7-slide>\n\t\t\t\t\t\t<sr7-slide id=\"SR7_9_1-20\" data-key=\"20\">\n\t\t\t\t\t\t\t<sr7-txt id=\"SR7_9_1-20-41\" class=\"sr7-layer\">Consultas a domicilio en Re\u00f1aca, Concon y Vi\u00f1a del Mar.<\/sr7-txt>\n\t\t\t\t\t\t\t<sr7-txt id=\"SR7_9_1-20-42\" class=\"sr7-layer\">Vacunaci\u00f3n y Desparasitaci\u00f3n\n<\/sr7-txt>\n\t\t\t\t\t\t<\/sr7-slide>\n\t\t\t\t\t\t<sr7-slide id=\"SR7_9_1-21\" data-key=\"21\">\n\t\t\t\t\t\t\t<sr7-txt id=\"SR7_9_1-21-48\" class=\"sr7-layer\">Consultas a domicilio en Re\u00f1aca, Concon y Vi\u00f1a del Mar.<\/sr7-txt>\n\t\t\t\t\t\t\t<sr7-txt id=\"SR7_9_1-21-49\" class=\"sr7-layer\">Ozonoterapia<br>\nCANINA Y FELINA\n<\/sr7-txt>\n\t\t\t\t\t\t<\/sr7-slide>\n\t\t\t\t\t\t<sr7-slide id=\"SR7_9_1-22\" data-key=\"22\">\n\t\t\t\t\t\t\t<sr7-txt id=\"SR7_9_1-22-55\" class=\"sr7-layer\">Consultas a domicilio en Re\u00f1aca, Concon y Vi\u00f1a del Mar.<\/sr7-txt>\n\t\t\t\t\t\t\t<sr7-txt id=\"SR7_9_1-22-56\" class=\"sr7-layer\">Implantaci\u00f3n de MICROCHIP\n<\/sr7-txt>\n\t\t\t\t\t\t<\/sr7-slide>\n\t\t\t\t\t\t<sr7-slide id=\"SR7_9_1-24\" data-key=\"24\">\n\t\t\t\t\t\t\t<sr7-txt id=\"SR7_9_1-24-55\" class=\"sr7-layer\">Consultas a domicilio en Re\u00f1aca, Concon<br>y Vi\u00f1a del Mar.<\/sr7-txt>\n\t\t\t\t\t\t\t<sr7-txt id=\"SR7_9_1-24-56\" class=\"sr7-layer\">Cannabis MEDICINAL\n<\/sr7-txt>\n\t\t\t\t\t\t<\/sr7-slide>\n\t\t\t\t\t\t<sr7-slide id=\"SR7_9_1-33\" data-key=\"33\">\n\t\t\t\t\t\t<\/sr7-slide>\n\t\t\t\t\t<\/sr7-content>\n\t\t\t\t<\/sr7-module>\n\t\t\t\t<script>\n\t\t\t\t\twindow.SR7 ??={};SR7.PMH ??={}; SR7.PMH[\"SR7_9_1\"] = {cn:100,state:false,fn: function() { if (_tpt!==undefined && _tpt.prepareModuleHeight !== undefined) {  _tpt.prepareModuleHeight({id:\"SR7_9_1\",el:[880,880,880,560],type:'standard',shdw:'0',gh:[880,880,880,560],gw:[1300,1300,1300,300],vpt:['1%'],size:{fullWidth:true, fullHeight:false},mh:'0',onh:0,onw:0,bg:{color:'#262626'}});   SR7.PMH[\"SR7_9_1\"].state=true;} else if(SR7.PMH[\"SR7_9_1\"].cn-->0)\tsetTimeout( SR7.PMH[\"SR7_9_1\"].fn,19);}};SR7.PMH[\"SR7_9_1\" ].fn();\n\t\t\t\t<\/script>\n[\/vc_column][\/vc_row][vc_row row_content_width=&#8221;grid&#8221; css=&#8221;.vc_custom_1562849119729{padding-top: 66px !important;padding-bottom: 80px !important;}&#8221;][vc_column css=&#8221;.vc_custom_1562849508563{padding-right: 10px !important;padding-left: 10px !important;}&#8221; offset=&#8221;vc_col-lg-4 vc_col-md-12 vc_col-xs-12&#8243;]<div class=\"mkdf-banner-holder  mkdf-banner-info-default foreground-image\">\n    <div class=\"mkdf-banner-image\">\n        <img loading=\"lazy\" decoding=\"async\" width=\"800\" height=\"383\" src=\"https:\/\/servivetsinai.cl\/wp-content\/uploads\/2019\/09\/h1-banner-background-2.jpg\" class=\"attachment-full size-full\" alt=\"a\" srcset=\"https:\/\/servivetsinai.cl\/wp-content\/uploads\/2019\/09\/h1-banner-background-2.jpg 800w, https:\/\/servivetsinai.cl\/wp-content\/uploads\/2019\/09\/h1-banner-background-2-600x287.jpg 600w, https:\/\/servivetsinai.cl\/wp-content\/uploads\/2019\/09\/h1-banner-background-2-300x144.jpg 300w, https:\/\/servivetsinai.cl\/wp-content\/uploads\/2019\/09\/h1-banner-background-2-768x368.jpg 768w\" sizes=\"auto, (max-width: 800px) 100vw, 800px\" \/>                    <div class=\"mkdf-banner-foreground-image\">\n                <img loading=\"lazy\" decoding=\"async\" width=\"800\" height=\"383\" src=\"https:\/\/servivetsinai.cl\/wp-content\/uploads\/2019\/07\/h1-banner-1-2.png\" class=\"attachment-full size-full\" alt=\"a\" srcset=\"https:\/\/servivetsinai.cl\/wp-content\/uploads\/2019\/07\/h1-banner-1-2.png 800w, https:\/\/servivetsinai.cl\/wp-content\/uploads\/2019\/07\/h1-banner-1-2-600x287.png 600w, https:\/\/servivetsinai.cl\/wp-content\/uploads\/2019\/07\/h1-banner-1-2-300x144.png 300w, https:\/\/servivetsinai.cl\/wp-content\/uploads\/2019\/07\/h1-banner-1-2-768x368.png 768w\" sizes=\"auto, (max-width: 800px) 100vw, 800px\" \/>            <\/div>\n            <\/div>\n    <div class=\"mkdf-banner-text-holder\" >\n\t    <div class=\"mkdf-banner-text-outer\">\n\t\t    <div class=\"mkdf-banner-text-inner\">\n\t\t                                                    <a itemprop=\"url\" class=\"mkdf-banner-title-holder\" href=\"https:\/\/servivetsinai.cl\/index.php\/2023\/03\/29\/vacunas\/\" target=\"_blank\">\n                            <span class=\"mkdf-active-hover\">\n                                <svg xmlns=\"http:\/\/www.w3.org\/2000\/svg\" width=\"15\" height=\"100%\" preserveAspectRatio=\"none\" viewBox=\"-0.5 -0.5 11 29\" class=\"mkdf-active-hover-left\">\n                                    <path d=\"M2 0C0.9 0 0 0.9 0 2l2 23.8c0 1.1 0.9 2 2 2h3.9V0H2z\"\/>\n                                <\/svg>\n                                <span class=\"mkdf-active-hover-middle\"><\/span>\n                                <svg xmlns=\"http:\/\/www.w3.org\/2000\/svg\" width=\"15\" height=\"100%\" preserveAspectRatio=\"none\" viewBox=\"-0.5 -0.5 11 29\" class=\"mkdf-active-hover-right\">\n                                   <path d=\"M5.9 0c1.1 0 2 0.9 2 2L5 25.8c-0.2 1.6-1.1 1.9-3 2H0V0H5.9\"\/>\n                                <\/svg>\n                            <\/span>\n                                                    <h3 class=\"mkdf-banner-title\" >\n                                Cuidados del Gato                            <\/h3>\n                                                    <\/a>\n                    \t\t                                            <p class=\"mkdf-banner-text\" >\n                        Consejos de nuestros M\u00e9dicos.                    <\/p>\n                \t\t\t\t\t\t\t<\/div>\n\t\t<\/div>\n\t<\/div>\n\t        <a itemprop=\"url\" class=\"mkdf-banner-link\" href=\"https:\/\/servivetsinai.cl\/index.php\/2023\/03\/29\/vacunas\/\" target=\"_blank\"><\/a>\n    <\/div>[vc_empty_space height=&#8221;30px&#8221;][\/vc_column][vc_column css=&#8221;.vc_custom_1562849519836{padding-right: 10px !important;padding-left: 10px !important;}&#8221; offset=&#8221;vc_col-lg-4 vc_col-md-12 vc_col-xs-12&#8243;]<div class=\"mkdf-banner-holder  mkdf-banner-info-default foreground-image\">\n    <div class=\"mkdf-banner-image\">\n        <img loading=\"lazy\" decoding=\"async\" width=\"800\" height=\"383\" src=\"https:\/\/servivetsinai.cl\/wp-content\/uploads\/2019\/09\/h1-banner-background-2.jpg\" class=\"attachment-full size-full\" alt=\"a\" srcset=\"https:\/\/servivetsinai.cl\/wp-content\/uploads\/2019\/09\/h1-banner-background-2.jpg 800w, https:\/\/servivetsinai.cl\/wp-content\/uploads\/2019\/09\/h1-banner-background-2-600x287.jpg 600w, https:\/\/servivetsinai.cl\/wp-content\/uploads\/2019\/09\/h1-banner-background-2-300x144.jpg 300w, https:\/\/servivetsinai.cl\/wp-content\/uploads\/2019\/09\/h1-banner-background-2-768x368.jpg 768w\" sizes=\"auto, (max-width: 800px) 100vw, 800px\" \/>                    <div class=\"mkdf-banner-foreground-image\">\n                <img loading=\"lazy\" decoding=\"async\" width=\"800\" height=\"383\" src=\"https:\/\/servivetsinai.cl\/wp-content\/uploads\/2019\/07\/h1-banner-2-2.png\" class=\"attachment-full size-full\" alt=\"a\" srcset=\"https:\/\/servivetsinai.cl\/wp-content\/uploads\/2019\/07\/h1-banner-2-2.png 800w, https:\/\/servivetsinai.cl\/wp-content\/uploads\/2019\/07\/h1-banner-2-2-600x287.png 600w, https:\/\/servivetsinai.cl\/wp-content\/uploads\/2019\/07\/h1-banner-2-2-300x144.png 300w, https:\/\/servivetsinai.cl\/wp-content\/uploads\/2019\/07\/h1-banner-2-2-768x368.png 768w\" sizes=\"auto, (max-width: 800px) 100vw, 800px\" \/>            <\/div>\n            <\/div>\n    <div class=\"mkdf-banner-text-holder\" >\n\t    <div class=\"mkdf-banner-text-outer\">\n\t\t    <div class=\"mkdf-banner-text-inner\">\n\t\t                                                    <a itemprop=\"url\" class=\"mkdf-banner-title-holder\" href=\"https:\/\/servivetsinai.cl\/index.php\/faq-page\/\" target=\"_self\">\n                            <span class=\"mkdf-active-hover\">\n                                <svg xmlns=\"http:\/\/www.w3.org\/2000\/svg\" width=\"15\" height=\"100%\" preserveAspectRatio=\"none\" viewBox=\"-0.5 -0.5 11 29\" class=\"mkdf-active-hover-left\">\n                                    <path d=\"M2 0C0.9 0 0 0.9 0 2l2 23.8c0 1.1 0.9 2 2 2h3.9V0H2z\"\/>\n                                <\/svg>\n                                <span class=\"mkdf-active-hover-middle\"><\/span>\n                                <svg xmlns=\"http:\/\/www.w3.org\/2000\/svg\" width=\"15\" height=\"100%\" preserveAspectRatio=\"none\" viewBox=\"-0.5 -0.5 11 29\" class=\"mkdf-active-hover-right\">\n                                   <path d=\"M5.9 0c1.1 0 2 0.9 2 2L5 25.8c-0.2 1.6-1.1 1.9-3 2H0V0H5.9\"\/>\n                                <\/svg>\n                            <\/span>\n                                                    <h3 class=\"mkdf-banner-title\" >\n                                Tips Veterinarios                            <\/h3>\n                                                    <\/a>\n                    \t\t                        \t\t\t\t\t\t\t<\/div>\n\t\t<\/div>\n\t<\/div>\n\t        <a itemprop=\"url\" class=\"mkdf-banner-link\" href=\"https:\/\/servivetsinai.cl\/index.php\/faq-page\/\" target=\"_self\"><\/a>\n    <\/div>[vc_empty_space height=&#8221;30px&#8221;][\/vc_column][vc_column css=&#8221;.vc_custom_1689395231654{padding-right: 10px !important;padding-bottom: 20px !important;padding-left: 10px !important;}&#8221; offset=&#8221;vc_col-lg-4 vc_col-md-12 vc_col-xs-12&#8243;]<div class=\"mkdf-banner-holder  mkdf-banner-info-default foreground-image\">\n    <div class=\"mkdf-banner-image\">\n        <img loading=\"lazy\" decoding=\"async\" width=\"800\" height=\"383\" src=\"https:\/\/servivetsinai.cl\/wp-content\/uploads\/2019\/09\/h1-banner-background-2.jpg\" class=\"attachment-full size-full\" alt=\"a\" srcset=\"https:\/\/servivetsinai.cl\/wp-content\/uploads\/2019\/09\/h1-banner-background-2.jpg 800w, https:\/\/servivetsinai.cl\/wp-content\/uploads\/2019\/09\/h1-banner-background-2-600x287.jpg 600w, https:\/\/servivetsinai.cl\/wp-content\/uploads\/2019\/09\/h1-banner-background-2-300x144.jpg 300w, https:\/\/servivetsinai.cl\/wp-content\/uploads\/2019\/09\/h1-banner-background-2-768x368.jpg 768w\" sizes=\"auto, (max-width: 800px) 100vw, 800px\" \/>                    <div class=\"mkdf-banner-foreground-image\">\n                <img loading=\"lazy\" decoding=\"async\" width=\"800\" height=\"383\" src=\"https:\/\/servivetsinai.cl\/wp-content\/uploads\/2019\/07\/h1-banner-3-2.png\" class=\"attachment-full size-full\" alt=\"a\" srcset=\"https:\/\/servivetsinai.cl\/wp-content\/uploads\/2019\/07\/h1-banner-3-2.png 800w, https:\/\/servivetsinai.cl\/wp-content\/uploads\/2019\/07\/h1-banner-3-2-600x287.png 600w, https:\/\/servivetsinai.cl\/wp-content\/uploads\/2019\/07\/h1-banner-3-2-300x144.png 300w, https:\/\/servivetsinai.cl\/wp-content\/uploads\/2019\/07\/h1-banner-3-2-768x368.png 768w\" sizes=\"auto, (max-width: 800px) 100vw, 800px\" \/>            <\/div>\n            <\/div>\n    <div class=\"mkdf-banner-text-holder\" >\n\t    <div class=\"mkdf-banner-text-outer\">\n\t\t    <div class=\"mkdf-banner-text-inner\">\n\t\t                                                    <a itemprop=\"url\" class=\"mkdf-banner-title-holder\" href=\"#\" target=\"_self\">\n                            <span class=\"mkdf-active-hover\">\n                                <svg xmlns=\"http:\/\/www.w3.org\/2000\/svg\" width=\"15\" height=\"100%\" preserveAspectRatio=\"none\" viewBox=\"-0.5 -0.5 11 29\" class=\"mkdf-active-hover-left\">\n                                    <path d=\"M2 0C0.9 0 0 0.9 0 2l2 23.8c0 1.1 0.9 2 2 2h3.9V0H2z\"\/>\n                                <\/svg>\n                                <span class=\"mkdf-active-hover-middle\"><\/span>\n                                <svg xmlns=\"http:\/\/www.w3.org\/2000\/svg\" width=\"15\" height=\"100%\" preserveAspectRatio=\"none\" viewBox=\"-0.5 -0.5 11 29\" class=\"mkdf-active-hover-right\">\n                                   <path d=\"M5.9 0c1.1 0 2 0.9 2 2L5 25.8c-0.2 1.6-1.1 1.9-3 2H0V0H5.9\"\/>\n                                <\/svg>\n                            <\/span>\n                                                    <h3 class=\"mkdf-banner-title\" >\n                                Cuidados del Perro                            <\/h3>\n                                                    <\/a>\n                    \t\t                                            <p class=\"mkdf-banner-text\" >\n                        Consejos de nuestros M\u00e9dicos.                    <\/p>\n                \t\t\t\t\t\t\t<\/div>\n\t\t<\/div>\n\t<\/div>\n\t        <a itemprop=\"url\" class=\"mkdf-banner-link\" href=\"#\" target=\"_self\"><\/a>\n    <\/div>[vc_empty_space height=&#8221;30px&#8221;][\/vc_column][\/vc_row][vc_row row_content_width=&#8221;grid&#8221; css=&#8221;.vc_custom_1731961382125{padding-top: 97px !important;}&#8221; el_id=&#8221;nosotros&#8221;][vc_column css=&#8221;.vc_custom_1567607229846{padding-top: 0px !important;padding-right: 10px !important;padding-left: 10px !important;}&#8221;]<div class=\"mkdf-elements-holder   mkdf-two-columns  mkdf-responsive-mode-1024  fifty-fifty\" ><div class=\"mkdf-eh-item  mkdf-vertical-alignment-top mkdf-horizontal-alignment-right  \"  data-item-class=\"mkdf-eh-custom-1618\" data-1367-1600=\"0% 0% 0% 0%\" data-1025-1366=\"0% 12% 0% 0%\" data-769-1024=\"0% 0% 10% 0%\" data-681-768=\"0% 0% 10% 0%\" data-680=\"0% 0% 10% 0%\">\n\t<div class=\"mkdf-eh-item-inner\">\n\t\t<div class=\"mkdf-eh-item-content mkdf-eh-custom-1618\" style=\"padding: 0px 12% 0% 0%\">\n\t\t\t\n\t\t\t\t<p class=\"rs-p-wp-fix\"><\/p>\n\t\t\t\t<sr7-module data-alias=\"home-5a\" data-id=\"3\" id=\"SR7_3_2\" data-version=\"6.7.50\">\n\t\t\t\t\t<sr7-adjuster><\/sr7-adjuster>\n\t\t\t\t\t<sr7-content>\n\t\t\t\t\t\t<sr7-slide id=\"SR7_3_2-9\" data-key=\"9\">\n\t\t\t\t\t\t\t<sr7-bg id=\"SR7_3_2-9-slidebg\" class=\"sr7-layer\"><noscript><img decoding=\"async\" src=\"https:\/\/servivetsinai.cl\/wp-content\/uploads\/2023\/03\/slide1.jpg\" alt=\"\" title=\"slide1\"><\/noscript><\/sr7-bg>\n\t\t\t\t\t\t<\/sr7-slide>\n\t\t\t\t\t\t<sr7-slide id=\"SR7_3_2-10\" data-key=\"10\">\n\t\t\t\t\t\t\t<sr7-bg id=\"SR7_3_2-10-slidebg\" class=\"sr7-layer\"><noscript><img decoding=\"async\" src=\"https:\/\/servivetsinai.cl\/wp-content\/uploads\/2023\/07\/perritos_2.jpg\" alt=\"\" title=\"perritos_2\"><\/noscript><\/sr7-bg>\n\t\t\t\t\t\t<\/sr7-slide>\n\t\t\t\t\t\t<sr7-slide id=\"SR7_3_2-11\" data-key=\"11\">\n\t\t\t\t\t\t\t<sr7-bg id=\"SR7_3_2-11-slidebg\" class=\"sr7-layer\"><noscript><img decoding=\"async\" src=\"https:\/\/servivetsinai.cl\/wp-content\/uploads\/2023\/07\/Adolfo_2.jpg\" alt=\"\" title=\"Adolfo_2\"><\/noscript><\/sr7-bg>\n\t\t\t\t\t\t<\/sr7-slide>\n\t\t\t\t\t\t<sr7-slide id=\"SR7_3_2-23\" data-key=\"23\">\n\t\t\t\t\t\t\t<sr7-bg id=\"SR7_3_2-23-slidebg\" class=\"sr7-layer\"><noscript><img decoding=\"async\" src=\"https:\/\/servivetsinai.cl\/wp-content\/uploads\/2023\/03\/slide4.jpg\" alt=\"\" title=\"slide4\"><\/noscript><\/sr7-bg>\n\t\t\t\t\t\t<\/sr7-slide>\n\t\t\t\t\t\t<sr7-slide id=\"SR7_3_2-27\" data-key=\"27\">\n\t\t\t\t\t\t<\/sr7-slide>\n\t\t\t\t\t<\/sr7-content>\n\t\t\t\t<\/sr7-module>\n\t\t\t\t<script>\n\t\t\t\t\twindow.SR7 ??={};SR7.PMH ??={}; SR7.PMH[\"SR7_3_2\"] = {cn:100,state:false,fn: function() { if (_tpt!==undefined && _tpt.prepareModuleHeight !== undefined) {  _tpt.prepareModuleHeight({id:\"SR7_3_2\",el:[600],type:'standard',shdw:'0',gh:[600],gw:[800],vpt:['-200px'],size:{fullWidth:false, fullHeight:false},mh:'0',onh:0,onw:0,bg:{color:'transparent',image:{src:'',size:'cover',position:'center center',repeat:'no-repeat'}}});   SR7.PMH[\"SR7_3_2\"].state=true;} else if(SR7.PMH[\"SR7_3_2\"].cn-->0)\tsetTimeout( SR7.PMH[\"SR7_3_2\"].fn,19);}};SR7.PMH[\"SR7_3_2\" ].fn();\n\t\t\t\t<\/script>\n\t\t<\/div>\n\t<\/div>\n<\/div><div class=\"mkdf-eh-item     \" style=\"background-image: url(https:\/\/servivetsinai.cl\/wp-content\/uploads\/2023\/03\/h1-banner-background-3.jpg)\" data-item-class=\"mkdf-eh-custom-1992\" data-1367-1600=\"7.5% 11.5% 0%\" data-1025-1366=\"7.5% 11.5% 0%\" data-680=\"7.5% 7.5% 0%\">\n\t<div class=\"mkdf-eh-item-inner\">\n\t\t<div class=\"mkdf-eh-item-content mkdf-eh-custom-1992\" >\n\t\t\t[vc_column_text css=&#8221;.vc_custom_1731961538954{padding-top: 0px !important;padding-right: 40px !important;padding-left: 40px !important;}&#8221;]<\/p>\n<h5 style=\"color: white; text-align: center;\">&#8220;Somos Adolfo Di Ventura y Jamilet Ortiz M\u00e9dicos veterinarios con mas de 15 a\u00f1os de experiencia en el \u00e1rea de Cl\u00ednica y Cirug\u00eda de Peque\u00f1os Animales especialmente caninos y felinos. Ponemos a tu disposici\u00f3n nuestros servicios en la comodidad de tu hogar&#8221;<\/h5>\n<h5 style=\"text-align: center;\"><span style=\"color: #ffffff;\">Servicios Veterinario Sina\u00ed<\/span><\/h5>\n<p>[\/vc_column_text]\t\t<\/div>\n\t<\/div>\n<\/div><\/div>[\/vc_column][\/vc_row][vc_row row_content_width=&#8221;grid&#8221; css=&#8221;.vc_custom_1567607163140{padding-top: 97px !important;}&#8221;][vc_column css=&#8221;.vc_custom_1567607229846{padding-top: 0px !important;padding-right: 10px !important;padding-left: 10px !important;}&#8221;]<div class=\"mkdf-elements-holder   mkdf-two-columns  mkdf-responsive-mode-1024  fifty-fifty\" ><div class=\"mkdf-eh-item  mkdf-vertical-alignment-top   \"  data-item-class=\"mkdf-eh-custom-8534\" data-1367-1600=\"0% 12% 0% 0%\" data-1025-1366=\"0% 12% 0% 0%\" data-769-1024=\"0% 0% 10% 0%\" data-681-768=\"0% 0% 10% 0%\" data-680=\"0% 0% 10% 0%\">\n\t<div class=\"mkdf-eh-item-inner\">\n\t\t<div class=\"mkdf-eh-item-content mkdf-eh-custom-8534\" style=\"padding: 0px 12% 0% 0%\">\n\t\t\t<div class=\"mkdf-section-title-holder   \" style=\"text-align: left\">\n\t<div class=\"mkdf-st-inner\">\n\t\t\t\t\t<h2 class=\"mkdf-st-title\" >\n                                    SERVIVET SINA\u00cd                \t\t\t<\/h2>\n\t\t\t\t\t\t\t<p class=\"mkdf-st-text\" style=\"margin-top: 12px\">\n\t\t\t\tPara nosotros el cuidado preventivo es la mejor decisi\u00f3n sobre la salud de las mascotas. Nuestro principal objetivo es prevenir enfermedades antes de que ocurran, por lo tanto, estamos seguros que los controles peri\u00f3dicos y las vacunas regulares son cruciales en este prop\u00f3sito.\t\t\t<\/p>\n\t\t\t\t\t<\/div>\n<\/div>[vc_empty_space height=&#8221;45px&#8221;][vc_single_image image=&#8221;5223&#8243; img_size=&#8221;full&#8221; style=&#8221;vc_box_rounded&#8221;]\t\t<\/div>\n\t<\/div>\n<\/div><div class=\"mkdf-eh-item     rounded-corners\" style=\"background-color: #312e71;background-image: url(https:\/\/servivetsinai.cl\/wp-content\/uploads\/2023\/03\/imgForm.jpg)\" data-item-class=\"mkdf-eh-custom-5417\" data-1367-1600=\"7.5% 11.5% 8%\" data-1025-1366=\"7.5% 11.5% 8%\" data-680=\"7.5% 7.5% 8%\">\n\t<div class=\"mkdf-eh-item-inner\">\n\t\t<div class=\"mkdf-eh-item-content mkdf-eh-custom-5417\" style=\"padding: 7.5% 14.5% 8% 14.5%\">\n\t\t\t<div class=\"mkdf-section-title-holder   mkdf-st-highlight\" style=\"text-align: left\">\n\t<div class=\"mkdf-st-inner\">\n\t\t\t\t\t<h4 class=\"mkdf-st-title\" style=\"color: #ffffff\">\n                                        Si\u00e9ntase libre de preguntarnos lo que <span class=\"mkdf-st-highlight-title-holder\" style=\"color: #ffffff\">\n                                                        <span class=\"mkdf-st-highlight-title\" style=\"color: #312e71\">necesite.<\/span>\n                                                        <span class=\"mkdf-st-highlight\">\n                                                            <svg xmlns=\"http:\/\/www.w3.org\/2000\/svg\" xmlns:xlink=\"http:\/\/www.w3.org\/1999\/xlink\" width=\"15\" height=\"100%\" preserveAspectRatio=\"none\" viewBox=\"-0.5 -0.5 11 29\" xml:space=\"preserve\" class=\"mkdf-active-hover-left\">\n                    <path class=\"st0\" d=\"M2,0C0.9,0,0,0.9,0,2l2,23.8c0,1.1,0.9,2,2,2h3.9V0H2z\"\/>\n                <\/svg>\n                                                        <span class=\"mkdf-active-hover-middle\"><\/span>\n                                                            <svg xmlns=\"http:\/\/www.w3.org\/2000\/svg\" xmlns:xlink=\"http:\/\/www.w3.org\/1999\/xlink\" width=\"15\" height=\"100%\" preserveAspectRatio=\"none\" viewBox=\"-0.5 -0.5 11 29\" xml:space=\"preserve\" class=\"mkdf-active-hover-right\">\n                    <g><path class=\"st0\" d=\"M5.9,0c1.1,0,2,0.9,2,2L5,25.8c-0.2,1.6-1.1,1.9-3,2H0V0H5.9\"\/><\/g>\n                <\/svg>\n                                                        <\/span>\n                                                    <\/span>                \t\t\t<\/h4>\n\t\t\t\t\t\t\t<p class=\"mkdf-st-text\" style=\"color: #ffffff\">\n\t\t\t\tHaremos todo lo posible por responder a la brevedad.\t\t\t<\/p>\n\t\t\t\t\t<\/div>\n<\/div>[vc_empty_space height=&#8221;39px&#8221;]\n<div class=\"wpcf7 no-js\" id=\"wpcf7-f478-o1\" lang=\"en-US\" dir=\"ltr\" data-wpcf7-id=\"478\">\n<div class=\"screen-reader-response\"><p role=\"status\" aria-live=\"polite\" aria-atomic=\"true\"><\/p> <ul><\/ul><\/div>\n<form action=\"\/index.php\/wp-json\/wp\/v2\/pages\/4894#wpcf7-f478-o1\" method=\"post\" class=\"wpcf7-form init\" aria-label=\"Contact form\" novalidate=\"novalidate\" data-status=\"init\">\n<fieldset class=\"hidden-fields-container\"><input type=\"hidden\" name=\"_wpcf7\" value=\"478\" \/><input type=\"hidden\" name=\"_wpcf7_version\" value=\"6.1.5\" \/><input type=\"hidden\" name=\"_wpcf7_locale\" value=\"en_US\" \/><input type=\"hidden\" name=\"_wpcf7_unit_tag\" value=\"wpcf7-f478-o1\" \/><input type=\"hidden\" name=\"_wpcf7_container_post\" value=\"0\" \/><input type=\"hidden\" name=\"_wpcf7_posted_data_hash\" value=\"\" \/>\n<\/fieldset>\n<div class=\"mkdf-cf7-contact-form-solid\">\n\t<p><span class=\"wpcf7-form-control-wrap\" data-name=\"your-email\"><input size=\"40\" maxlength=\"400\" class=\"wpcf7-form-control wpcf7-email wpcf7-validates-as-required wpcf7-text wpcf7-validates-as-email\" aria-required=\"true\" aria-invalid=\"false\" placeholder=\"Ingrese su email...\" value=\"\" type=\"email\" name=\"your-email\" \/><\/span><span class=\"wpcf7-form-control-wrap\" data-name=\"your-message\"><textarea cols=\"40\" rows=\"10\" maxlength=\"2000\" class=\"wpcf7-form-control wpcf7-textarea\" aria-invalid=\"false\" placeholder=\"Mensaje...\" name=\"your-message\"><\/textarea><\/span><button class=\"wpcf7-form-control wpcf7-submit mkdf-btn mkdf-btn-medium mkdf-btn-solid mkdf-btn-custom-hover-color mkdf-btn-custom-hover-bg mkdf-btn-custom-border-hover\" type=\"submit\"><span class=\"mkdf-btn-text\">Cont\u00e1ctenos<\/span><\/button>\n\t<\/p>\n<\/div><div class=\"wpcf7-response-output\" aria-hidden=\"true\"><\/div>\n<\/form>\n<\/div>\n\t\t<\/div>\n\t<\/div>\n<\/div><\/div>[\/vc_column][\/vc_row]<\/p>\n","protected":false},"excerpt":{"rendered":"<p>[vc_row][vc_column][\/vc_column][\/vc_row][vc_row row_content_width=&#8221;grid&#8221; css=&#8221;.vc_custom_1562849119729{padding-top: 66px !important;padding-bottom: 80px !important;}&#8221;][vc_column css=&#8221;.vc_custom_1562849508563{padding-right: 10px !important;padding-left: 10px !important;}&#8221; offset=&#8221;vc_col-lg-4 vc_col-md-12 vc_col-xs-12&#8243;][vc_empty_space height=&#8221;30px&#8221;][\/vc_column][vc_column css=&#8221;.vc_custom_1562849519836{padding-right: 10px !important;padding-left: 10px !important;}&#8221; offset=&#8221;vc_col-lg-4 vc_col-md-12 vc_col-xs-12&#8243;][vc_empty_space height=&#8221;30px&#8221;][\/vc_column][vc_column css=&#8221;.vc_custom_1689395231654{padding-right: 10px !important;padding-bottom: 20px !important;padding-left: 10px !important;}&#8221; offset=&#8221;vc_col-lg-4 vc_col-md-12 vc_col-xs-12&#8243;][vc_empty_space height=&#8221;30px&#8221;][\/vc_column][\/vc_row][vc_row row_content_width=&#8221;grid&#8221; css=&#8221;.vc_custom_1731961382125{padding-top: 97px !important;}&#8221; [&hellip;]<\/p>\n","protected":false},"author":1,"featured_media":0,"parent":0,"menu_order":0,"comment_status":"closed","ping_status":"closed","template":"full-width.php","meta":{"footnotes":""},"class_list":["post-4894","page","type-page","status-publish","hentry"],"_links":{"self":[{"href":"https:\/\/servivetsinai.cl\/index.php\/wp-json\/wp\/v2\/pages\/4894","targetHints":{"allow":["GET"]}}],"collection":[{"href":"https:\/\/servivetsinai.cl\/index.php\/wp-json\/wp\/v2\/pages"}],"about":[{"href":"https:\/\/servivetsinai.cl\/index.php\/wp-json\/wp\/v2\/types\/page"}],"author":[{"embeddable":true,"href":"https:\/\/servivetsinai.cl\/index.php\/wp-json\/wp\/v2\/users\/1"}],"replies":[{"embeddable":true,"href":"https:\/\/servivetsinai.cl\/index.php\/wp-json\/wp\/v2\/comments?post=4894"}],"version-history":[{"count":163,"href":"https:\/\/servivetsinai.cl\/index.php\/wp-json\/wp\/v2\/pages\/4894\/revisions"}],"predecessor-version":[{"id":5437,"href":"https:\/\/servivetsinai.cl\/index.php\/wp-json\/wp\/v2\/pages\/4894\/revisions\/5437"}],"wp:attachment":[{"href":"https:\/\/servivetsinai.cl\/index.php\/wp-json\/wp\/v2\/media?parent=4894"}],"curies":[{"name":"wp","href":"https:\/\/api.w.org\/{rel}","templated":true}]}}