{"id":2131,"date":"2019-07-25T14:27:03","date_gmt":"2019-07-25T14:27:03","guid":{"rendered":"https:\/\/pawfriends.qodeinteractive.com\/?page_id=2131"},"modified":"2024-04-24T23:22:14","modified_gmt":"2024-04-25T02:22:14","slug":"faq-page","status":"publish","type":"page","link":"https:\/\/servivetsinai.cl\/index.php\/faq-page\/","title":{"rendered":"Preguntas frecuentes &#8211; Servivet Sina\u00ed"},"content":{"rendered":"<p>[vc_row gap=&#8221;35&#8243; content_placement=&#8221;top&#8221; row_content_width=&#8221;grid&#8221; css=&#8221;.vc_custom_1563874706846{padding-top: 113px !important;padding-bottom: 83px !important;}&#8221;][vc_column offset=&#8221;vc_col-lg-6 vc_col-md-12 vc_col-xs-12&#8243;]<div class=\"mkdf-accordion-holder mkdf-ac-default  mkdf-accordion mkdf-ac-boxed  clearfix\">\n\t<h5 class=\"mkdf-accordion-title\">\n\t<span class=\"mkdf-tab-title\">\u00bfCu\u00e1ndo debe recibir la primera vacuna mi mascota?<\/span>\n    <span class=\"mkdf-accordion-mark\">\n\t\t<span class=\"mkdf_icon_plus\">\n            <svg xmlns=\"http:\/\/www.w3.org\/2000\/svg\" xmlns:xlink=\"http:\/\/www.w3.org\/1999\/xlink\" x=\"0px\" y=\"0px\" viewBox=\"0 0 44 41\" xml:space=\"preserve\">\n                    <path class=\"st0\" d=\"M1,16.5C1,16.5,1.3,1,22,1s21,18.5,21,18.5S44.8,38.4,22.8,40C9.2,41,1,29.5,1,16.5z\"\/>\n                    <path class=\"st1\" d=\"M32.2,18.5c-0.7-0.7-3-0.7-5.2-0.7h-3l0.7-2.8c1.5-2.1,1.5-2.1,0-3.6c-0.7-1.4-1.5-0.7-2.2,0.7 c0,1.4-0.7,2.8-0.7,3.6c0,1.4,0,1.4-5.9,1.4c-5.2,0-5.9,0.7-5.2,1.4c0,1.4,0.7,1.4,5.2,1.4l5.9-0.7L21.1,22c0,1.4,0,3.6-0.7,5 c-0.7,1.4-0.7,2.8-0.7,2.8v0.7c1.5,0,3.7-5,3.7-7.8c0-3.6,2.2-4.3,6.7-3.6C33.7,20.6,34.5,19.9,32.2,18.5z\"\/>\n                <\/svg>        <\/span>\n\t\t<span class=\"mkdf_icon_minus\">\n            <svg xmlns=\"http:\/\/www.w3.org\/2000\/svg\" xmlns:xlink=\"http:\/\/www.w3.org\/1999\/xlink\" x=\"0px\" y=\"0px\" viewBox=\"0 0 44 41\" xml:space=\"preserve\">\n                    <path class=\"st0\" d=\"M1,16.5C1,16.5,1.3,1,22,1s21,18.5,21,18.5S44.8,38.3,22.8,40C9.2,41,1,29.5,1,16.5z\"\/>\n                    <path class=\"st1\" d=\"M32.5,21.5c0-1-20.1-3.8-21-2.9v2.9c0,1,2.6,1,10.5,1C28.1,22.5,32.5,22.5,32.5,21.5z\"\/>\n                <\/svg>        <\/span>\n\t<\/span>\n<\/h5>\n<div class=\"mkdf-accordion-content\">\n\t<div class=\"mkdf-accordion-content-inner\">\n\t\t[vc_column_text]Puede haber variaciones seg\u00fan condiciones del cachorro y criterio del veterinario, su primera vacuna puede ser aplicada desde el d\u00eda 30 a 45. De all\u00ed en adelante se colocan refuerzos de vacunas y se realizan desparasitaciones cada 21 d\u00edas.[\/vc_column_text]\t<\/div>\n<\/div><h5 class=\"mkdf-accordion-title\">\n\t<span class=\"mkdf-tab-title\">\u00bfCuantas vacunas debe recibir mi mascota?<\/span>\n    <span class=\"mkdf-accordion-mark\">\n\t\t<span class=\"mkdf_icon_plus\">\n            <svg xmlns=\"http:\/\/www.w3.org\/2000\/svg\" xmlns:xlink=\"http:\/\/www.w3.org\/1999\/xlink\" x=\"0px\" y=\"0px\" viewBox=\"0 0 44 41\" xml:space=\"preserve\">\n                    <path class=\"st0\" d=\"M1,16.5C1,16.5,1.3,1,22,1s21,18.5,21,18.5S44.8,38.4,22.8,40C9.2,41,1,29.5,1,16.5z\"\/>\n                    <path class=\"st1\" d=\"M32.2,18.5c-0.7-0.7-3-0.7-5.2-0.7h-3l0.7-2.8c1.5-2.1,1.5-2.1,0-3.6c-0.7-1.4-1.5-0.7-2.2,0.7 c0,1.4-0.7,2.8-0.7,3.6c0,1.4,0,1.4-5.9,1.4c-5.2,0-5.9,0.7-5.2,1.4c0,1.4,0.7,1.4,5.2,1.4l5.9-0.7L21.1,22c0,1.4,0,3.6-0.7,5 c-0.7,1.4-0.7,2.8-0.7,2.8v0.7c1.5,0,3.7-5,3.7-7.8c0-3.6,2.2-4.3,6.7-3.6C33.7,20.6,34.5,19.9,32.2,18.5z\"\/>\n                <\/svg>        <\/span>\n\t\t<span class=\"mkdf_icon_minus\">\n            <svg xmlns=\"http:\/\/www.w3.org\/2000\/svg\" xmlns:xlink=\"http:\/\/www.w3.org\/1999\/xlink\" x=\"0px\" y=\"0px\" viewBox=\"0 0 44 41\" xml:space=\"preserve\">\n                    <path class=\"st0\" d=\"M1,16.5C1,16.5,1.3,1,22,1s21,18.5,21,18.5S44.8,38.3,22.8,40C9.2,41,1,29.5,1,16.5z\"\/>\n                    <path class=\"st1\" d=\"M32.5,21.5c0-1-20.1-3.8-21-2.9v2.9c0,1,2.6,1,10.5,1C28.1,22.5,32.5,22.5,32.5,21.5z\"\/>\n                <\/svg>        <\/span>\n\t<\/span>\n<\/h5>\n<div class=\"mkdf-accordion-content\">\n\t<div class=\"mkdf-accordion-content-inner\">\n\t\t[vc_column_text css=&#8221;.vc_custom_1689371983679{padding-bottom: 30px !important;}&#8221;]En promedio: 1 Vacuna Puppy DP<br \/>\n3 vacunas (s\u00e9xtuple\/\u00f3ctuple)<br \/>\n1 vacuna Bordetella o KC<br \/>\n1 vacuna antirr\u00e1bica<br \/>\nLas mismas se aplican con un rango de diferencia de 21 d\u00edas cada una. Luego de cumplir con este ciclo de vacunas se debe revacunar una vez al a\u00f1o.[\/vc_column_text][vc_single_image image=&#8221;5308&#8243; img_size=&#8221;full&#8221;][vc_column_text css=&#8221;.vc_custom_1689372017770{padding-top: 30px !important;}&#8221;]Las fechas son aproximaciones ya que suelen variar seg\u00fan el n\u00famero de d\u00edas asociados a los calendarios.<br \/>\nLas desparasitaciones externas (pulgas, \u00e1caros, garrapatas) se deben realizar continuamente (una vez al mes o cada 3 meses) seg\u00fan el producto que te recomiende tu veterinario.<br \/>\nLas desparasitaciones internas (par\u00e1sitos intestinales) una vez terminado el calendario de vacunas se realiza seg\u00fan recomendaciones de tu veterinario, pueden variar desde cada 3 meses hasta una vez al a\u00f1o seg\u00fan h\u00e1bitos de las mascotas, hallazgos cl\u00ednicos, recomendaciones del veterinario.[\/vc_column_text]\t<\/div>\n<\/div><h5 class=\"mkdf-accordion-title\">\n\t<span class=\"mkdf-tab-title\">\u00bfPuedo sacar a mi nueva mascota a pasear al parque?<\/span>\n    <span class=\"mkdf-accordion-mark\">\n\t\t<span class=\"mkdf_icon_plus\">\n            <svg xmlns=\"http:\/\/www.w3.org\/2000\/svg\" xmlns:xlink=\"http:\/\/www.w3.org\/1999\/xlink\" x=\"0px\" y=\"0px\" viewBox=\"0 0 44 41\" xml:space=\"preserve\">\n                    <path class=\"st0\" d=\"M1,16.5C1,16.5,1.3,1,22,1s21,18.5,21,18.5S44.8,38.4,22.8,40C9.2,41,1,29.5,1,16.5z\"\/>\n                    <path class=\"st1\" d=\"M32.2,18.5c-0.7-0.7-3-0.7-5.2-0.7h-3l0.7-2.8c1.5-2.1,1.5-2.1,0-3.6c-0.7-1.4-1.5-0.7-2.2,0.7 c0,1.4-0.7,2.8-0.7,3.6c0,1.4,0,1.4-5.9,1.4c-5.2,0-5.9,0.7-5.2,1.4c0,1.4,0.7,1.4,5.2,1.4l5.9-0.7L21.1,22c0,1.4,0,3.6-0.7,5 c-0.7,1.4-0.7,2.8-0.7,2.8v0.7c1.5,0,3.7-5,3.7-7.8c0-3.6,2.2-4.3,6.7-3.6C33.7,20.6,34.5,19.9,32.2,18.5z\"\/>\n                <\/svg>        <\/span>\n\t\t<span class=\"mkdf_icon_minus\">\n            <svg xmlns=\"http:\/\/www.w3.org\/2000\/svg\" xmlns:xlink=\"http:\/\/www.w3.org\/1999\/xlink\" x=\"0px\" y=\"0px\" viewBox=\"0 0 44 41\" xml:space=\"preserve\">\n                    <path class=\"st0\" d=\"M1,16.5C1,16.5,1.3,1,22,1s21,18.5,21,18.5S44.8,38.3,22.8,40C9.2,41,1,29.5,1,16.5z\"\/>\n                    <path class=\"st1\" d=\"M32.5,21.5c0-1-20.1-3.8-21-2.9v2.9c0,1,2.6,1,10.5,1C28.1,22.5,32.5,22.5,32.5,21.5z\"\/>\n                <\/svg>        <\/span>\n\t<\/span>\n<\/h5>\n<div class=\"mkdf-accordion-content\">\n\t<div class=\"mkdf-accordion-content-inner\">\n\t\t[vc_column_text]Lo adecuado es que mientras la mascota no tenga su calendario de vacunas completo no salga a estar en contacto con otros perros, al no saber c\u00f3mo est\u00e1n los calendarios de vacunaciones de otros perros los exponemos a contraer enfermedades. Debemos recordar que tambi\u00e9n hay perros que se encuentran en condici\u00f3n de calle los mismos pueden estar portando enfermedades pero no dar<br \/>\nmanifestaciones cl\u00ednicas de las mismas y pueden propagarlas a trav\u00e9s de las fecas, orina o saliva.[\/vc_column_text]\t<\/div>\n<\/div><h5 class=\"mkdf-accordion-title\">\n\t<span class=\"mkdf-tab-title\">\u00bfTengo un perro en casa y quiero introducir a mi cachorro pueden estar en contacto?<\/span>\n    <span class=\"mkdf-accordion-mark\">\n\t\t<span class=\"mkdf_icon_plus\">\n            <svg xmlns=\"http:\/\/www.w3.org\/2000\/svg\" xmlns:xlink=\"http:\/\/www.w3.org\/1999\/xlink\" x=\"0px\" y=\"0px\" viewBox=\"0 0 44 41\" xml:space=\"preserve\">\n                    <path class=\"st0\" d=\"M1,16.5C1,16.5,1.3,1,22,1s21,18.5,21,18.5S44.8,38.4,22.8,40C9.2,41,1,29.5,1,16.5z\"\/>\n                    <path class=\"st1\" d=\"M32.2,18.5c-0.7-0.7-3-0.7-5.2-0.7h-3l0.7-2.8c1.5-2.1,1.5-2.1,0-3.6c-0.7-1.4-1.5-0.7-2.2,0.7 c0,1.4-0.7,2.8-0.7,3.6c0,1.4,0,1.4-5.9,1.4c-5.2,0-5.9,0.7-5.2,1.4c0,1.4,0.7,1.4,5.2,1.4l5.9-0.7L21.1,22c0,1.4,0,3.6-0.7,5 c-0.7,1.4-0.7,2.8-0.7,2.8v0.7c1.5,0,3.7-5,3.7-7.8c0-3.6,2.2-4.3,6.7-3.6C33.7,20.6,34.5,19.9,32.2,18.5z\"\/>\n                <\/svg>        <\/span>\n\t\t<span class=\"mkdf_icon_minus\">\n            <svg xmlns=\"http:\/\/www.w3.org\/2000\/svg\" xmlns:xlink=\"http:\/\/www.w3.org\/1999\/xlink\" x=\"0px\" y=\"0px\" viewBox=\"0 0 44 41\" xml:space=\"preserve\">\n                    <path class=\"st0\" d=\"M1,16.5C1,16.5,1.3,1,22,1s21,18.5,21,18.5S44.8,38.3,22.8,40C9.2,41,1,29.5,1,16.5z\"\/>\n                    <path class=\"st1\" d=\"M32.5,21.5c0-1-20.1-3.8-21-2.9v2.9c0,1,2.6,1,10.5,1C28.1,22.5,32.5,22.5,32.5,21.5z\"\/>\n                <\/svg>        <\/span>\n\t<\/span>\n<\/h5>\n<div class=\"mkdf-accordion-content\">\n\t<div class=\"mkdf-accordion-content-inner\">\n\t\t[vc_column_text]Si el integrante de tu familia (el perro que ya est\u00e1 en casa) se encuentra con su calendario de vacunas al d\u00eda no se corren mayores riesgos de transmisi\u00f3n de enfermedades, sin embargo si tu mascota no est\u00e1 con vacunas al d\u00eda te recomendamos visitar a tu veterinario lo antes posible para que no corras<br \/>\nriesgos.[\/vc_column_text]\t<\/div>\n<\/div><h5 class=\"mkdf-accordion-title\">\n\t<span class=\"mkdf-tab-title\">\u00bfMi cachorro a\u00fan no termina su calendario de vacunas, vivo en casa y quiero que duerma en el patio\u2026es posible?<\/span>\n    <span class=\"mkdf-accordion-mark\">\n\t\t<span class=\"mkdf_icon_plus\">\n            <svg xmlns=\"http:\/\/www.w3.org\/2000\/svg\" xmlns:xlink=\"http:\/\/www.w3.org\/1999\/xlink\" x=\"0px\" y=\"0px\" viewBox=\"0 0 44 41\" xml:space=\"preserve\">\n                    <path class=\"st0\" d=\"M1,16.5C1,16.5,1.3,1,22,1s21,18.5,21,18.5S44.8,38.4,22.8,40C9.2,41,1,29.5,1,16.5z\"\/>\n                    <path class=\"st1\" d=\"M32.2,18.5c-0.7-0.7-3-0.7-5.2-0.7h-3l0.7-2.8c1.5-2.1,1.5-2.1,0-3.6c-0.7-1.4-1.5-0.7-2.2,0.7 c0,1.4-0.7,2.8-0.7,3.6c0,1.4,0,1.4-5.9,1.4c-5.2,0-5.9,0.7-5.2,1.4c0,1.4,0.7,1.4,5.2,1.4l5.9-0.7L21.1,22c0,1.4,0,3.6-0.7,5 c-0.7,1.4-0.7,2.8-0.7,2.8v0.7c1.5,0,3.7-5,3.7-7.8c0-3.6,2.2-4.3,6.7-3.6C33.7,20.6,34.5,19.9,32.2,18.5z\"\/>\n                <\/svg>        <\/span>\n\t\t<span class=\"mkdf_icon_minus\">\n            <svg xmlns=\"http:\/\/www.w3.org\/2000\/svg\" xmlns:xlink=\"http:\/\/www.w3.org\/1999\/xlink\" x=\"0px\" y=\"0px\" viewBox=\"0 0 44 41\" xml:space=\"preserve\">\n                    <path class=\"st0\" d=\"M1,16.5C1,16.5,1.3,1,22,1s21,18.5,21,18.5S44.8,38.3,22.8,40C9.2,41,1,29.5,1,16.5z\"\/>\n                    <path class=\"st1\" d=\"M32.5,21.5c0-1-20.1-3.8-21-2.9v2.9c0,1,2.6,1,10.5,1C28.1,22.5,32.5,22.5,32.5,21.5z\"\/>\n                <\/svg>        <\/span>\n\t<\/span>\n<\/h5>\n<div class=\"mkdf-accordion-content\">\n\t<div class=\"mkdf-accordion-content-inner\">\n\t\t[vc_column_text]Alentamos a tener calendario de vacunas al d\u00eda antes de dejar a tu mascota en espacios externos, por periodos prolongados, debemos tomar en consideraci\u00f3n los cambios de temperatura, si tu mascota estar\u00e1 en un espacio abierto con poco resguardo (bajas temperaturas nocturnas), te sugerimos crear un espacio adecuado para que pueda resguardase, lo adecuado es que tu mascota pueda terminar su calendario de vacunas, podr\u00e1 entrar y salir de casa (sobre todo cuando est\u00e1n en<br \/>\nperiodo de entrenamiento para control de esf\u00ednteres) sin embargo lo ideal es genera las menores condiciones de estr\u00e9s para resguardar la salud e integridad de tu mascota.[\/vc_column_text]\t<\/div>\n<\/div><h5 class=\"mkdf-accordion-title\">\n\t<span class=\"mkdf-tab-title\">\u00bfA partir de cu\u00e1ndo puedo empezar a entrenar a mi mascota para ense\u00f1arla a ir al ba\u00f1o?<\/span>\n    <span class=\"mkdf-accordion-mark\">\n\t\t<span class=\"mkdf_icon_plus\">\n            <svg xmlns=\"http:\/\/www.w3.org\/2000\/svg\" xmlns:xlink=\"http:\/\/www.w3.org\/1999\/xlink\" x=\"0px\" y=\"0px\" viewBox=\"0 0 44 41\" xml:space=\"preserve\">\n                    <path class=\"st0\" d=\"M1,16.5C1,16.5,1.3,1,22,1s21,18.5,21,18.5S44.8,38.4,22.8,40C9.2,41,1,29.5,1,16.5z\"\/>\n                    <path class=\"st1\" d=\"M32.2,18.5c-0.7-0.7-3-0.7-5.2-0.7h-3l0.7-2.8c1.5-2.1,1.5-2.1,0-3.6c-0.7-1.4-1.5-0.7-2.2,0.7 c0,1.4-0.7,2.8-0.7,3.6c0,1.4,0,1.4-5.9,1.4c-5.2,0-5.9,0.7-5.2,1.4c0,1.4,0.7,1.4,5.2,1.4l5.9-0.7L21.1,22c0,1.4,0,3.6-0.7,5 c-0.7,1.4-0.7,2.8-0.7,2.8v0.7c1.5,0,3.7-5,3.7-7.8c0-3.6,2.2-4.3,6.7-3.6C33.7,20.6,34.5,19.9,32.2,18.5z\"\/>\n                <\/svg>        <\/span>\n\t\t<span class=\"mkdf_icon_minus\">\n            <svg xmlns=\"http:\/\/www.w3.org\/2000\/svg\" xmlns:xlink=\"http:\/\/www.w3.org\/1999\/xlink\" x=\"0px\" y=\"0px\" viewBox=\"0 0 44 41\" xml:space=\"preserve\">\n                    <path class=\"st0\" d=\"M1,16.5C1,16.5,1.3,1,22,1s21,18.5,21,18.5S44.8,38.3,22.8,40C9.2,41,1,29.5,1,16.5z\"\/>\n                    <path class=\"st1\" d=\"M32.5,21.5c0-1-20.1-3.8-21-2.9v2.9c0,1,2.6,1,10.5,1C28.1,22.5,32.5,22.5,32.5,21.5z\"\/>\n                <\/svg>        <\/span>\n\t<\/span>\n<\/h5>\n<div class=\"mkdf-accordion-content\">\n\t<div class=\"mkdf-accordion-content-inner\">\n\t\t[vc_column_text]El entrenamiento puede iniciar a partir del mes y medio (con esto no quiere decir que ya estar\u00e1 orinando y defecando en la sabanilla a partir de esta edad), debes recordar que tu mascota a esta edad es el equivalente a un ni\u00f1o muy peque\u00f1o, los procesos de aprendizaje pueden variar considerablemente de un cachorro a otro, debes tener mucha paciencia porque a\u00fan est\u00e1n aprendido a controlar sus esf\u00ednteres.<br \/>\nSi requieres informaci\u00f3n m\u00e1s detallada podemos sugerir el libro Entiende a tu perro para Dummies de Stanley Coren, Sarah Hodgson, puedes conseguir el mismo a trav\u00e9s de mercado libre.[\/vc_column_text]\t<\/div>\n<\/div><h5 class=\"mkdf-accordion-title\">\n\t<span class=\"mkdf-tab-title\">\u00bfCuantas veces al d\u00eda debe comer mi cachorro?<\/span>\n    <span class=\"mkdf-accordion-mark\">\n\t\t<span class=\"mkdf_icon_plus\">\n            <svg xmlns=\"http:\/\/www.w3.org\/2000\/svg\" xmlns:xlink=\"http:\/\/www.w3.org\/1999\/xlink\" x=\"0px\" y=\"0px\" viewBox=\"0 0 44 41\" xml:space=\"preserve\">\n                    <path class=\"st0\" d=\"M1,16.5C1,16.5,1.3,1,22,1s21,18.5,21,18.5S44.8,38.4,22.8,40C9.2,41,1,29.5,1,16.5z\"\/>\n                    <path class=\"st1\" d=\"M32.2,18.5c-0.7-0.7-3-0.7-5.2-0.7h-3l0.7-2.8c1.5-2.1,1.5-2.1,0-3.6c-0.7-1.4-1.5-0.7-2.2,0.7 c0,1.4-0.7,2.8-0.7,3.6c0,1.4,0,1.4-5.9,1.4c-5.2,0-5.9,0.7-5.2,1.4c0,1.4,0.7,1.4,5.2,1.4l5.9-0.7L21.1,22c0,1.4,0,3.6-0.7,5 c-0.7,1.4-0.7,2.8-0.7,2.8v0.7c1.5,0,3.7-5,3.7-7.8c0-3.6,2.2-4.3,6.7-3.6C33.7,20.6,34.5,19.9,32.2,18.5z\"\/>\n                <\/svg>        <\/span>\n\t\t<span class=\"mkdf_icon_minus\">\n            <svg xmlns=\"http:\/\/www.w3.org\/2000\/svg\" xmlns:xlink=\"http:\/\/www.w3.org\/1999\/xlink\" x=\"0px\" y=\"0px\" viewBox=\"0 0 44 41\" xml:space=\"preserve\">\n                    <path class=\"st0\" d=\"M1,16.5C1,16.5,1.3,1,22,1s21,18.5,21,18.5S44.8,38.3,22.8,40C9.2,41,1,29.5,1,16.5z\"\/>\n                    <path class=\"st1\" d=\"M32.5,21.5c0-1-20.1-3.8-21-2.9v2.9c0,1,2.6,1,10.5,1C28.1,22.5,32.5,22.5,32.5,21.5z\"\/>\n                <\/svg>        <\/span>\n\t<\/span>\n<\/h5>\n<div class=\"mkdf-accordion-content\">\n\t<div class=\"mkdf-accordion-content-inner\">\n\t\t[vc_column_text]Te sugerimos que durante los primeros 6 meses de vida tu cachorro pueda estar comiendo de 3 a 4 veces al d\u00eda, la porci\u00f3n de alimento sugerida viene dada por la casa comercial, puedes revisar la bolsa del alimento y ver que en funci\u00f3n del peso tienes una recomendaci\u00f3n en grs de alimento. Esta cantidad sugerida es la porci\u00f3n total que debe ser distribuida durante el d\u00eda, ejemplo si tu perro<br \/>\npesa 4 kg y te recomienda 60 grs de alimento puedes distribuir el alimento en 3 porciones de 20 grs cada una.[\/vc_column_text]\t<\/div>\n<\/div><h5 class=\"mkdf-accordion-title\">\n\t<span class=\"mkdf-tab-title\">\u00bfMi cachorro llego a casa y quiero cambiar la marca del alimento que est\u00e1 comiendo por una nueva marca como lo hago?<\/span>\n    <span class=\"mkdf-accordion-mark\">\n\t\t<span class=\"mkdf_icon_plus\">\n            <svg xmlns=\"http:\/\/www.w3.org\/2000\/svg\" xmlns:xlink=\"http:\/\/www.w3.org\/1999\/xlink\" x=\"0px\" y=\"0px\" viewBox=\"0 0 44 41\" xml:space=\"preserve\">\n                    <path class=\"st0\" d=\"M1,16.5C1,16.5,1.3,1,22,1s21,18.5,21,18.5S44.8,38.4,22.8,40C9.2,41,1,29.5,1,16.5z\"\/>\n                    <path class=\"st1\" d=\"M32.2,18.5c-0.7-0.7-3-0.7-5.2-0.7h-3l0.7-2.8c1.5-2.1,1.5-2.1,0-3.6c-0.7-1.4-1.5-0.7-2.2,0.7 c0,1.4-0.7,2.8-0.7,3.6c0,1.4,0,1.4-5.9,1.4c-5.2,0-5.9,0.7-5.2,1.4c0,1.4,0.7,1.4,5.2,1.4l5.9-0.7L21.1,22c0,1.4,0,3.6-0.7,5 c-0.7,1.4-0.7,2.8-0.7,2.8v0.7c1.5,0,3.7-5,3.7-7.8c0-3.6,2.2-4.3,6.7-3.6C33.7,20.6,34.5,19.9,32.2,18.5z\"\/>\n                <\/svg>        <\/span>\n\t\t<span class=\"mkdf_icon_minus\">\n            <svg xmlns=\"http:\/\/www.w3.org\/2000\/svg\" xmlns:xlink=\"http:\/\/www.w3.org\/1999\/xlink\" x=\"0px\" y=\"0px\" viewBox=\"0 0 44 41\" xml:space=\"preserve\">\n                    <path class=\"st0\" d=\"M1,16.5C1,16.5,1.3,1,22,1s21,18.5,21,18.5S44.8,38.3,22.8,40C9.2,41,1,29.5,1,16.5z\"\/>\n                    <path class=\"st1\" d=\"M32.5,21.5c0-1-20.1-3.8-21-2.9v2.9c0,1,2.6,1,10.5,1C28.1,22.5,32.5,22.5,32.5,21.5z\"\/>\n                <\/svg>        <\/span>\n\t<\/span>\n<\/h5>\n<div class=\"mkdf-accordion-content\">\n\t<div class=\"mkdf-accordion-content-inner\">\n\t\t[vc_column_text]En estos casos te recomendamos que al realizar el cambio de marca puedas dejar una mayor poci\u00f3n del alimento que est\u00e1 comiendo tu mascota e incorporar una menor porci\u00f3n del alimento nuevo, el cambio se debe hacer de manera gradual al segundo d\u00eda puedes incorporar mayor proporci\u00f3n del alimento nuevo y as\u00ed sucesivamente, este cambio se debe realizar a lo largo de una semana, para evitar problemas gastrointestinales, si realizaste el cambio de manera gradual pero se presentaron<br \/>\nproblemas como v\u00f3mitos o diarrea, asiste inmediatamente a tu veterinario.[\/vc_column_text]\t<\/div>\n<\/div><h5 class=\"mkdf-accordion-title\">\n\t<span class=\"mkdf-tab-title\">\u00bfPuedo llevar a mi perro a la peluquer\u00eda?<\/span>\n    <span class=\"mkdf-accordion-mark\">\n\t\t<span class=\"mkdf_icon_plus\">\n            <svg xmlns=\"http:\/\/www.w3.org\/2000\/svg\" xmlns:xlink=\"http:\/\/www.w3.org\/1999\/xlink\" x=\"0px\" y=\"0px\" viewBox=\"0 0 44 41\" xml:space=\"preserve\">\n                    <path class=\"st0\" d=\"M1,16.5C1,16.5,1.3,1,22,1s21,18.5,21,18.5S44.8,38.4,22.8,40C9.2,41,1,29.5,1,16.5z\"\/>\n                    <path class=\"st1\" d=\"M32.2,18.5c-0.7-0.7-3-0.7-5.2-0.7h-3l0.7-2.8c1.5-2.1,1.5-2.1,0-3.6c-0.7-1.4-1.5-0.7-2.2,0.7 c0,1.4-0.7,2.8-0.7,3.6c0,1.4,0,1.4-5.9,1.4c-5.2,0-5.9,0.7-5.2,1.4c0,1.4,0.7,1.4,5.2,1.4l5.9-0.7L21.1,22c0,1.4,0,3.6-0.7,5 c-0.7,1.4-0.7,2.8-0.7,2.8v0.7c1.5,0,3.7-5,3.7-7.8c0-3.6,2.2-4.3,6.7-3.6C33.7,20.6,34.5,19.9,32.2,18.5z\"\/>\n                <\/svg>        <\/span>\n\t\t<span class=\"mkdf_icon_minus\">\n            <svg xmlns=\"http:\/\/www.w3.org\/2000\/svg\" xmlns:xlink=\"http:\/\/www.w3.org\/1999\/xlink\" x=\"0px\" y=\"0px\" viewBox=\"0 0 44 41\" xml:space=\"preserve\">\n                    <path class=\"st0\" d=\"M1,16.5C1,16.5,1.3,1,22,1s21,18.5,21,18.5S44.8,38.3,22.8,40C9.2,41,1,29.5,1,16.5z\"\/>\n                    <path class=\"st1\" d=\"M32.5,21.5c0-1-20.1-3.8-21-2.9v2.9c0,1,2.6,1,10.5,1C28.1,22.5,32.5,22.5,32.5,21.5z\"\/>\n                <\/svg>        <\/span>\n\t<\/span>\n<\/h5>\n<div class=\"mkdf-accordion-content\">\n\t<div class=\"mkdf-accordion-content-inner\">\n\t\t[vc_column_text]La sugerencia es que lleves a tu mascota a la peluquer\u00eda dos semanas despu\u00e9s de terminado su calendario de vacunas, sin embargo si has tenido alg\u00fan accidente que suele ser frecuente sobre todo en cachorros puedes usar toallitas h\u00famedas, en caso de situaciones m\u00e1s complejas puedes ba\u00f1arlo en casa en un espacio previamente temperado en caso de estar en estaciones como oto\u00f1o o invierno, el agua debe estar temperada, y utilizar un shampoo de PH neutro (recomendamos el<br \/>\nJhonson cl\u00e1sico de uso humano que no pica en los ojos), una vez ba\u00f1ada la mascota puedes utilizar la pistola del secador a unos 30 cm de distancia sin boquilla y en movimiento para dejar completamente seco al cachorro.<\/p>\n<p>Esperamos todo esta informaci\u00f3n pueda ser de utilidad y aclarar dudas en caso de consultas especializadas puedes comunicarte con nosotros a trav\u00e9s de 957902656, 978040144 v\u00eda whatsApp.[\/vc_column_text]\t<\/div>\n<\/div><\/div>[vc_empty_space height=&#8221;30px&#8221;][\/vc_column][vc_column offset=&#8221;vc_col-lg-6 vc_col-md-12 vc_col-xs-12&#8243;][vc_column_text css=&#8221;.vc_custom_1689372561865{margin-top: -25px !important;}&#8221;]<\/p>\n<h4>Trabajando por la Comunidad<\/h4>\n<p>[\/vc_column_text][vc_column_text]<\/p>\n<h3>M\u00e9dicos Veterinarios<\/h3>\n<h4>Jamilet Ortiz &#8211; Adolfo Di Ventura<\/h4>\n<p>[\/vc_column_text][vc_empty_space height=&#8221;24px&#8221;]<div class=\"mkdf-icon-list-holder \" >\n\t<div class=\"mkdf-il-icon-holder\">\n\t\t<i class=\"mkdf-icon-dripicons dripicon dripicons-checkmark \"><\/i>\t<\/div>\n\t<p class=\"mkdf-il-text\" style=\"padding-left: 28px\">Asesor\u00eda Personalizada<\/p>\n<\/div><div class=\"mkdf-icon-list-holder \" >\n\t<div class=\"mkdf-il-icon-holder\">\n\t\t<i class=\"mkdf-icon-dripicons dripicon dripicons-checkmark \"><\/i>\t<\/div>\n\t<p class=\"mkdf-il-text\" style=\"padding-left: 28px\">Consultas Veterinarias a domicilio<\/p>\n<\/div><div class=\"mkdf-icon-list-holder \" >\n\t<div class=\"mkdf-il-icon-holder\">\n\t\t<i class=\"mkdf-icon-dripicons dripicon dripicons-checkmark \"><\/i>\t<\/div>\n\t<p class=\"mkdf-il-text\" style=\"padding-left: 28px\">Teleconsulta<\/p>\n<\/div><div class=\"mkdf-icon-list-holder \" >\n\t<div class=\"mkdf-il-icon-holder\">\n\t\t<i class=\"mkdf-icon-dripicons dripicon dripicons-checkmark \"><\/i>\t<\/div>\n\t<p class=\"mkdf-il-text\" style=\"padding-left: 28px\">Dermatolog\u00eda Veterinaria<\/p>\n<\/div><div class=\"mkdf-icon-list-holder \" >\n\t<div class=\"mkdf-il-icon-holder\">\n\t\t<i class=\"mkdf-icon-dripicons dripicon dripicons-checkmark \"><\/i>\t<\/div>\n\t<p class=\"mkdf-il-text\" style=\"padding-left: 28px\">Vacunas<\/p>\n<\/div><div class=\"mkdf-icon-list-holder \" >\n\t<div class=\"mkdf-il-icon-holder\">\n\t\t<i class=\"mkdf-icon-dripicons dripicon dripicons-checkmark \"><\/i>\t<\/div>\n\t<p class=\"mkdf-il-text\" style=\"padding-left: 28px\">Implantaci\u00f3n de Chip<\/p>\n<\/div><div class=\"mkdf-icon-list-holder \" >\n\t<div class=\"mkdf-il-icon-holder\">\n\t\t<i class=\"mkdf-icon-dripicons dripicon dripicons-checkmark \"><\/i>\t<\/div>\n\t<p class=\"mkdf-il-text\" style=\"padding-left: 28px\">Desparasitaciones<\/p>\n<\/div><div class=\"mkdf-icon-list-holder \" >\n\t<div class=\"mkdf-il-icon-holder\">\n\t\t<i class=\"mkdf-icon-dripicons dripicon dripicons-checkmark \"><\/i>\t<\/div>\n\t<p class=\"mkdf-il-text\" style=\"padding-left: 28px\">Tr\u00e1mites para viajes<\/p>\n<\/div><div class=\"mkdf-icon-list-holder \" >\n\t<div class=\"mkdf-il-icon-holder\">\n\t\t<i class=\"mkdf-icon-dripicons dripicon dripicons-checkmark \"><\/i>\t<\/div>\n\t<p class=\"mkdf-il-text\" style=\"padding-left: 28px\">Toma de muestras<\/p>\n<\/div>[vc_empty_space height=&#8221;5px&#8221;][vc_column_text]<\/p>\n<h4>CONT\u00c1CTENOS<\/h4>\n<p>[\/vc_column_text][vc_column_text]Cu sea lorem dissentiunt. No scripta inciderint liberavisse mel, ad vix vide homero. Pro at sumo patrioque. In sit purto solum deterruisset. Altera deleniti assueverit mel te, eum fugit ubique ad.[\/vc_column_text][vc_column_text css=&#8221;.vc_custom_1714011728726{margin-top: -7px !important;}&#8221;]<\/p>\n<h3><a href=\"\/\/wa.me\/56984835658\"><span style=\"color: #f04336;\">+569 8483 5658<\/span> <\/a><\/h3>\n<p>[\/vc_column_text][vc_empty_space height=&#8221;20px&#8221;][\/vc_column][\/vc_row]<\/p>\n","protected":false},"excerpt":{"rendered":"<p>[vc_row gap=&#8221;35&#8243; content_placement=&#8221;top&#8221; row_content_width=&#8221;grid&#8221; css=&#8221;.vc_custom_1563874706846{padding-top: 113px !important;padding-bottom: 83px !important;}&#8221;][vc_column offset=&#8221;vc_col-lg-6 vc_col-md-12 vc_col-xs-12&#8243;][vc_empty_space height=&#8221;30px&#8221;][\/vc_column][vc_column offset=&#8221;vc_col-lg-6 vc_col-md-12 vc_col-xs-12&#8243;][vc_column_text css=&#8221;.vc_custom_1689372561865{margin-top: -25px !important;}&#8221;] Trabajando por la Comunidad [\/vc_column_text][vc_column_text] M\u00e9dicos Veterinarios Jamilet Ortiz &#8211; Adolfo Di Ventura [\/vc_column_text][vc_empty_space height=&#8221;24px&#8221;][vc_empty_space height=&#8221;5px&#8221;][vc_column_text] CONT\u00c1CTENOS [\/vc_column_text][vc_column_text]Cu sea lorem dissentiunt. [&hellip;]<\/p>\n","protected":false},"author":1,"featured_media":0,"parent":0,"menu_order":0,"comment_status":"closed","ping_status":"closed","template":"full-width.php","meta":{"footnotes":""},"class_list":["post-2131","page","type-page","status-publish","hentry"],"_links":{"self":[{"href":"https:\/\/servivetsinai.cl\/index.php\/wp-json\/wp\/v2\/pages\/2131","targetHints":{"allow":["GET"]}}],"collection":[{"href":"https:\/\/servivetsinai.cl\/index.php\/wp-json\/wp\/v2\/pages"}],"about":[{"href":"https:\/\/servivetsinai.cl\/index.php\/wp-json\/wp\/v2\/types\/page"}],"author":[{"embeddable":true,"href":"https:\/\/servivetsinai.cl\/index.php\/wp-json\/wp\/v2\/users\/1"}],"replies":[{"embeddable":true,"href":"https:\/\/servivetsinai.cl\/index.php\/wp-json\/wp\/v2\/comments?post=2131"}],"version-history":[{"count":16,"href":"https:\/\/servivetsinai.cl\/index.php\/wp-json\/wp\/v2\/pages\/2131\/revisions"}],"predecessor-version":[{"id":5409,"href":"https:\/\/servivetsinai.cl\/index.php\/wp-json\/wp\/v2\/pages\/2131\/revisions\/5409"}],"wp:attachment":[{"href":"https:\/\/servivetsinai.cl\/index.php\/wp-json\/wp\/v2\/media?parent=2131"}],"curies":[{"name":"wp","href":"https:\/\/api.w.org\/{rel}","templated":true}]}}